{"id":277,"date":"2018-11-01T00:10:36","date_gmt":"2018-10-31T22:10:36","guid":{"rendered":"https:\/\/my-story.cf\/?page_id=277"},"modified":"2018-11-01T00:18:17","modified_gmt":"2018-10-31T22:18:17","slug":"privacy","status":"publish","type":"page","link":"https:\/\/my-story.ro\/ro\/privacy\/","title":{"rendered":"Confidentialitate"},"content":{"rendered":"<p>Colect\u0103m informa\u021bii despre dvs. \u00een timpul procesului de plat\u0103 \u00een magazinul nostru.<\/p>\n<h2>Ce colect\u0103m \u0219i stoc\u0103m<\/h2>\n<p>\u00cen timp ce vizita\u021bi site-ul nostru, vom urm\u0103ri:<\/p>\n<ul>\n<li>Produse pe care le-a\u021bi vizualizat: le vom folosi pentru a v\u0103 ar\u0103ta, de exemplu, produsele pe care le-a\u021bi vizualizat recent<\/li>\n<li>Loca\u021bie, adres\u0103 IP \u0219i tip de browser: o vom folosi \u00een scopuri precum estimarea taxelor \u0219i a transportului<\/li>\n<li>Adresa de expediere: v\u0103 vom cere s\u0103 introduce\u021bi acest lucru, astfel \u00eenc\u00e2t s\u0103 putem, de exemplu, s\u0103 estim\u0103m expedierea \u00eenainte de a plasa o comand\u0103 \u0219i s\u0103 v\u0103 trimitem comanda!<\/li>\n<\/ul>\n<p>De asemenea, vom folosi cookie-uri pentru a urm\u0103ri con\u021binutul co\u0219ului \u00een timp ce naviga\u021bi pe site-ul nostru.<\/p>\n<p>C\u00e2nd achizi\u021biona\u021bi de la noi, v\u0103 vom cere s\u0103 furniza\u021bi informa\u021bii, inclusiv numele dvs., adresa de facturare, adresa de expediere, adresa de e-mail, num\u0103rul de telefon, detaliile cardului de credit \/ plat\u0103 \u0219i informa\u021bii op\u021bionale despre cont, cum ar fi numele de utilizator \u0219i parola. Vom folosi aceste informa\u021bii \u00een scopuri, cum ar fi:<\/p>\n<ul>\n<li>V\u0103 trimit informa\u021bii despre contul \u0219i comanda dvs.<\/li>\n<li>R\u0103spunde\u021bi la solicit\u0103rile dvs., inclusiv ramburs\u0103ri \u0219i reclama\u021bii<\/li>\n<li>Procesa\u021bi pl\u0103\u021bile \u0219i preveni\u021bi frauda<\/li>\n<li>Configura\u021bi-v\u0103 contul pentru magazinul nostru<\/li>\n<li>Respecta\u021bi orice obliga\u021bii legale pe care le avem, cum ar fi calcularea impozitelor<\/li>\n<li>\u00cembun\u0103t\u0103\u021bi\u021bi ofertele magazinelor noastre<\/li>\n<li>V\u0103 trimit mesaje de marketing, dac\u0103 alege\u021bi s\u0103 le primi\u021bi<\/li>\n<\/ul>\n<p>Dac\u0103 v\u0103 crea\u021bi un cont, vom stoca numele, adresa, adresa de e-mail \u0219i num\u0103rul de telefon, care vor fi utilizate pentru a completa caseta pentru comenzile viitoare.<\/p>\n<p>\u00cen general, stoc\u0103m informa\u021bii despre dvs. at\u00e2ta timp c\u00e2t avem nevoie de informa\u021bii \u00een scopurile pentru care le colect\u0103m \u0219i le folosim \u0219i nu suntem obliga\u021bi din punct de vedere legal s\u0103 le p\u0103str\u0103m. De exemplu, vom stoca informa\u021bii despre comenzi timp de 60 de ani \u00een scopuri fiscale \u0219i contabile. Aceasta include numele dvs., adresa de e-mail \u0219i adresele de facturare \u0219i de expediere.<\/p>\n<p>De asemenea, vom stoca comentarii sau recenzii, dac\u0103 alege\u021bi s\u0103 le l\u0103sa\u021bi.<\/p>\n<h2>Cine are acces la echipa noastr\u0103<\/h2>\n<p>Membrii echipei noastre au acces la informa\u021biile pe care ni le furniza\u021bi. De exemplu, at\u00e2t administratorii, c\u00e2t \u0219i managerii de magazine pot accesa:<\/p>\n<ul>\n<li>Comanda\u021bi informa\u021bii cum ar fi ceea ce a fost achizi\u021bionat, c\u00e2nd a fost achizi\u021bionat \u0219i unde ar trebui trimis \u0219i<\/li>\n<li>Informa\u021bii despre clien\u021bi, cum ar fi numele dvs., adresa de e-mail \u0219i informa\u021biile de facturare \u0219i expediere.<\/li>\n<\/ul>\n<p>Membrii echipei noastre au acces la aceste informa\u021bii pentru a v\u0103 ajuta s\u0103 \u00eendeplini\u021bi comenzile, s\u0103 procesa\u021bi ramburs\u0103rile \u0219i s\u0103 v\u0103 sprijini\u021bi.<\/p>\n<h2>Ceea ce \u00eemp\u0103rt\u0103\u0219im cu al\u021bii<\/h2>\n<p>\u00cemp\u0103rt\u0103\u0219im informa\u021bii cu ter\u021bi care ne ajut\u0103 s\u0103 v\u0103 oferim comenzile \u0219i s\u0103 v\u0103 stoc\u0103m serviciile; de exemplu - firma de curierat.<\/p>\n<h3>Pl\u0103\u021bi<\/h3>\n<p>Accept\u0103m pl\u0103\u021bi prin PayPal. La procesarea pl\u0103\u021bilor, unele dintre datele dvs. vor fi transmise c\u0103tre PayPal, inclusiv informa\u021bii necesare proces\u0103rii sau sus\u021binerii pl\u0103\u021bii, cum ar fi totalul achizi\u021biei \u0219i informa\u021bii de facturare.<\/p>\n<p>V\u0103 rug\u0103m s\u0103 consulta\u021bi\u00a0<a href=\"https:\/\/www.paypal.com\/us\/webapps\/mpp\/ua\/privacy-full\">Politica de confiden\u021bialitate PayPal<\/a>\u00a0for more details.<\/p>","protected":false},"excerpt":{"rendered":"<p>We collect information about you during the checkout process on our store. What we collect and store While you visit our site, we\u2019ll track: Products you\u2019ve viewed: we\u2019ll use this to, for example, show you products you\u2019ve recently viewed Location, IP address and browser type: we\u2019ll use this for purposes like estimating taxes and shipping [&hellip;]<\/p>","protected":false},"author":1,"featured_media":0,"parent":0,"menu_order":0,"comment_status":"closed","ping_status":"closed","template":"","meta":{"_monsterinsights_skip_tracking":false,"_monsterinsights_sitenote_active":false,"_monsterinsights_sitenote_note":"","_monsterinsights_sitenote_category":0,"footnotes":""},"yoast_head":"<!-- This site is optimized with the Yoast SEO plugin v22.6 - https:\/\/yoast.com\/wordpress\/plugins\/seo\/ -->\n<title>Privacy - My Story<\/title>\n<meta name=\"robots\" content=\"index, follow, max-snippet:-1, max-image-preview:large, max-video-preview:-1\" \/>\n<link rel=\"canonical\" href=\"https:\/\/my-story.ro\/ro\/privacy\/\" \/>\n<meta property=\"og:locale\" content=\"ro_RO\" \/>\n<meta property=\"og:type\" content=\"article\" \/>\n<meta property=\"og:title\" content=\"Privacy - My Story\" \/>\n<meta property=\"og:description\" content=\"We collect information about you during the checkout process on our store. What we collect and store While you visit our site, we\u2019ll track: Products you\u2019ve viewed: we\u2019ll use this to, for example, show you products you\u2019ve recently viewed Location, IP address and browser type: we\u2019ll use this for purposes like estimating taxes and shipping [&hellip;]\" \/>\n<meta property=\"og:url\" content=\"https:\/\/my-story.ro\/ro\/privacy\/\" \/>\n<meta property=\"og:site_name\" content=\"My Story\" \/>\n<meta property=\"article:publisher\" content=\"https:\/\/facebook.com\/mystoryro\/\" \/>\n<meta property=\"article:modified_time\" content=\"2018-10-31T22:18:17+00:00\" \/>\n<meta name=\"twitter:card\" content=\"summary_large_image\" \/>\n<meta name=\"twitter:label1\" content=\"Timp estimat pentru citire\" \/>\n\t<meta name=\"twitter:data1\" content=\"2 minute\" \/>\n<script type=\"application\/ld+json\" class=\"yoast-schema-graph\">{\"@context\":\"https:\/\/schema.org\",\"@graph\":[{\"@type\":\"WebPage\",\"@id\":\"https:\/\/my-story.ro\/privacy\/\",\"url\":\"https:\/\/my-story.ro\/privacy\/\",\"name\":\"Privacy - My Story\",\"isPartOf\":{\"@id\":\"https:\/\/my-story.ro\/#website\"},\"datePublished\":\"2018-10-31T22:10:36+00:00\",\"dateModified\":\"2018-10-31T22:18:17+00:00\",\"breadcrumb\":{\"@id\":\"https:\/\/my-story.ro\/privacy\/#breadcrumb\"},\"inLanguage\":\"ro-RO\",\"potentialAction\":[{\"@type\":\"ReadAction\",\"target\":[\"https:\/\/my-story.ro\/privacy\/\"]}]},{\"@type\":\"BreadcrumbList\",\"@id\":\"https:\/\/my-story.ro\/privacy\/#breadcrumb\",\"itemListElement\":[{\"@type\":\"ListItem\",\"position\":1,\"name\":\"Home\",\"item\":\"https:\/\/my-story.ro\/\"},{\"@type\":\"ListItem\",\"position\":2,\"name\":\"Privacy\"}]},{\"@type\":\"WebSite\",\"@id\":\"https:\/\/my-story.ro\/#website\",\"url\":\"https:\/\/my-story.ro\/\",\"name\":\"My Story\",\"description\":\"Handmade Jewels | Art and More\",\"publisher\":{\"@id\":\"https:\/\/my-story.ro\/#organization\"},\"potentialAction\":[{\"@type\":\"SearchAction\",\"target\":{\"@type\":\"EntryPoint\",\"urlTemplate\":\"https:\/\/my-story.ro\/?s={search_term_string}\"},\"query-input\":\"required name=search_term_string\"}],\"inLanguage\":\"ro-RO\"},{\"@type\":\"Organization\",\"@id\":\"https:\/\/my-story.ro\/#organization\",\"name\":\"My Story\",\"url\":\"https:\/\/my-story.ro\/\",\"logo\":{\"@type\":\"ImageObject\",\"inLanguage\":\"ro-RO\",\"@id\":\"https:\/\/my-story.ro\/#\/schema\/logo\/image\/\",\"url\":\"https:\/\/my-story.ro\/wp-content\/uploads\/2020\/10\/Mystory-logo.png\",\"contentUrl\":\"https:\/\/my-story.ro\/wp-content\/uploads\/2020\/10\/Mystory-logo.png\",\"width\":836,\"height\":424,\"caption\":\"My Story\"},\"image\":{\"@id\":\"https:\/\/my-story.ro\/#\/schema\/logo\/image\/\"},\"sameAs\":[\"https:\/\/facebook.com\/mystoryro\/\"]}]}<\/script>\n<!-- \/ Yoast SEO plugin. -->","yoast_head_json":{"title":"Privacy - My Story","robots":{"index":"index","follow":"follow","max-snippet":"max-snippet:-1","max-image-preview":"max-image-preview:large","max-video-preview":"max-video-preview:-1"},"canonical":"https:\/\/my-story.ro\/ro\/privacy\/","og_locale":"ro_RO","og_type":"article","og_title":"Privacy - My Story","og_description":"We collect information about you during the checkout process on our store. What we collect and store While you visit our site, we\u2019ll track: Products you\u2019ve viewed: we\u2019ll use this to, for example, show you products you\u2019ve recently viewed Location, IP address and browser type: we\u2019ll use this for purposes like estimating taxes and shipping [&hellip;]","og_url":"https:\/\/my-story.ro\/ro\/privacy\/","og_site_name":"My Story","article_publisher":"https:\/\/facebook.com\/mystoryro\/","article_modified_time":"2018-10-31T22:18:17+00:00","twitter_card":"summary_large_image","twitter_misc":{"Timp estimat pentru citire":"2 minute"},"schema":{"@context":"https:\/\/schema.org","@graph":[{"@type":"WebPage","@id":"https:\/\/my-story.ro\/privacy\/","url":"https:\/\/my-story.ro\/privacy\/","name":"Privacy - My Story","isPartOf":{"@id":"https:\/\/my-story.ro\/#website"},"datePublished":"2018-10-31T22:10:36+00:00","dateModified":"2018-10-31T22:18:17+00:00","breadcrumb":{"@id":"https:\/\/my-story.ro\/privacy\/#breadcrumb"},"inLanguage":"ro-RO","potentialAction":[{"@type":"ReadAction","target":["https:\/\/my-story.ro\/privacy\/"]}]},{"@type":"BreadcrumbList","@id":"https:\/\/my-story.ro\/privacy\/#breadcrumb","itemListElement":[{"@type":"ListItem","position":1,"name":"Home","item":"https:\/\/my-story.ro\/"},{"@type":"ListItem","position":2,"name":"Privacy"}]},{"@type":"WebSite","@id":"https:\/\/my-story.ro\/#website","url":"https:\/\/my-story.ro\/","name":"My Story","description":"Handmade Jewels | Art and More","publisher":{"@id":"https:\/\/my-story.ro\/#organization"},"potentialAction":[{"@type":"SearchAction","target":{"@type":"EntryPoint","urlTemplate":"https:\/\/my-story.ro\/?s={search_term_string}"},"query-input":"required name=search_term_string"}],"inLanguage":"ro-RO"},{"@type":"Organization","@id":"https:\/\/my-story.ro\/#organization","name":"My Story","url":"https:\/\/my-story.ro\/","logo":{"@type":"ImageObject","inLanguage":"ro-RO","@id":"https:\/\/my-story.ro\/#\/schema\/logo\/image\/","url":"https:\/\/my-story.ro\/wp-content\/uploads\/2020\/10\/Mystory-logo.png","contentUrl":"https:\/\/my-story.ro\/wp-content\/uploads\/2020\/10\/Mystory-logo.png","width":836,"height":424,"caption":"My Story"},"image":{"@id":"https:\/\/my-story.ro\/#\/schema\/logo\/image\/"},"sameAs":["https:\/\/facebook.com\/mystoryro\/"]}]}},"_links":{"self":[{"href":"https:\/\/my-story.ro\/ro\/wp-json\/wp\/v2\/pages\/277"}],"collection":[{"href":"https:\/\/my-story.ro\/ro\/wp-json\/wp\/v2\/pages"}],"about":[{"href":"https:\/\/my-story.ro\/ro\/wp-json\/wp\/v2\/types\/page"}],"author":[{"embeddable":true,"href":"https:\/\/my-story.ro\/ro\/wp-json\/wp\/v2\/users\/1"}],"replies":[{"embeddable":true,"href":"https:\/\/my-story.ro\/ro\/wp-json\/wp\/v2\/comments?post=277"}],"version-history":[{"count":2,"href":"https:\/\/my-story.ro\/ro\/wp-json\/wp\/v2\/pages\/277\/revisions"}],"predecessor-version":[{"id":280,"href":"https:\/\/my-story.ro\/ro\/wp-json\/wp\/v2\/pages\/277\/revisions\/280"}],"wp:attachment":[{"href":"https:\/\/my-story.ro\/ro\/wp-json\/wp\/v2\/media?parent=277"}],"curies":[{"name":"wp","href":"https:\/\/api.w.org\/{rel}","templated":true}]}}